{"id":2708,"date":"2024-12-11T11:13:40","date_gmt":"2024-12-11T11:13:40","guid":{"rendered":"https:\/\/moren.caidalstore.com\/?post_type=product&#038;p=2708"},"modified":"2025-02-08T15:40:47","modified_gmt":"2025-02-08T15:40:47","slug":"trend-coat-4","status":"publish","type":"product","link":"https:\/\/moren.caidalstore.com\/index.php\/produit\/trend-coat-4\/","title":{"rendered":"Jellaba Patchfusion"},"content":{"rendered":"<div class=\"product_desc-row\">\n<div class=\"product_desc-img\"><img fetchpriority=\"high\" decoding=\"async\" class=\"alignnone wp-image-1425 size-full\" src=\"https:\/\/moren.la-studioweb.com\/wp-content\/uploads\/2020\/12\/shop-detials-01.jpg\" alt=\"\" width=\"470\" height=\"470\" \/><\/div>\n<div class=\"product_desc-desc\">\n<h4>Made with love<\/h4>\n<p>Donec accumsan auctor iaculis. Sed suscipit arcu ligula, at egestas magna molestie a. Proin ac ex maximus, ultrices justo eget, sodales orci. Aliquam egestas libero ac turpis pharetra, in vehicula lacus scelerisque. Vestibulum ut sem laoreet, feugiat tellus at.<\/p>\n<p>Duis efficitur gravida tincidunt. Nam sodales vel odio at sollicitudin. Vestibulum sed rutrum nisl. Nulla diam arcu, facilisis nec blandit non, interdum et orci. Nam aliquam lorem vitae risus molestie convallis.<\/p>\n<\/div>\n<\/div>\n","protected":false},"excerpt":{"rendered":"<p>Base De Tissu 100% Lin Avec Empi\u00e8cement De Diff\u00e9rents Tissus Et Mati\u00e8re<\/p>\n<p>Chaque pi\u00e8ce est unique , \u00e0 noter que les empi\u00e8cements peuvent changer d un article \u00e0 un autre<\/p>\n","protected":false},"featured_media":3096,"comment_status":"open","ping_status":"closed","template":"","meta":[],"product_brand":[],"product_cat":[83,67],"product_tag":[43],"class_list":{"0":"post-2708","1":"product","2":"type-product","3":"status-publish","4":"has-post-thumbnail","6":"product_cat-femmes","7":"product_cat-jellabas_f","8":"product_tag-main-07","10":"first","11":"instock","12":"shipping-taxable","13":"purchasable","14":"product-type-simple"},"_links":{"self":[{"href":"https:\/\/moren.caidalstore.com\/index.php\/wp-json\/wp\/v2\/product\/2708","targetHints":{"allow":["GET"]}}],"collection":[{"href":"https:\/\/moren.caidalstore.com\/index.php\/wp-json\/wp\/v2\/product"}],"about":[{"href":"https:\/\/moren.caidalstore.com\/index.php\/wp-json\/wp\/v2\/types\/product"}],"replies":[{"embeddable":true,"href":"https:\/\/moren.caidalstore.com\/index.php\/wp-json\/wp\/v2\/comments?post=2708"}],"wp:featuredmedia":[{"embeddable":true,"href":"https:\/\/moren.caidalstore.com\/index.php\/wp-json\/wp\/v2\/media\/3096"}],"wp:attachment":[{"href":"https:\/\/moren.caidalstore.com\/index.php\/wp-json\/wp\/v2\/media?parent=2708"}],"wp:term":[{"taxonomy":"product_brand","embeddable":true,"href":"https:\/\/moren.caidalstore.com\/index.php\/wp-json\/wp\/v2\/product_brand?post=2708"},{"taxonomy":"product_cat","embeddable":true,"href":"https:\/\/moren.caidalstore.com\/index.php\/wp-json\/wp\/v2\/product_cat?post=2708"},{"taxonomy":"product_tag","embeddable":true,"href":"https:\/\/moren.caidalstore.com\/index.php\/wp-json\/wp\/v2\/product_tag?post=2708"}],"curies":[{"name":"wp","href":"https:\/\/api.w.org\/{rel}","templated":true}]}}