{"id":2710,"date":"2024-12-11T11:13:41","date_gmt":"2024-12-11T11:13:41","guid":{"rendered":"https:\/\/moren.caidalstore.com\/?post_type=product&#038;p=2710"},"modified":"2025-02-19T13:35:58","modified_gmt":"2025-02-19T13:35:58","slug":"trend-coat-6","status":"publish","type":"product","link":"https:\/\/moren.caidalstore.com\/index.php\/produit\/trend-coat-6\/","title":{"rendered":"Ensemble Jnane"},"content":{"rendered":"<div class=\"product_desc-row\">\n<div class=\"product_desc-img\"><\/div>\n<div class=\"product_desc-desc\">\n<p>Chemise en cr\u00eape avec broderies de F\u00e8s sur les poign\u00e9es<br \/>\nManches tombantes et ouvertes sur les poign\u00e9es<br \/>\nD\u2019\u00e9tais de galons en fil d\u2019or et fil de soie avec aakads<\/p>\n<\/div>\n<\/div>\n<p>&nbsp;<\/p>\n<p>PEUT SE VENDRE SEPAREMENT<\/p>\n<p>LA CHEMISE EST\u00a0 A 150$<\/p>\n<p>LE\u00a0 PANTALON EST A 150$<\/p>\n","protected":false},"excerpt":{"rendered":"<p>Entretien<br \/>\nUn lavage \u00e0 sec est obligatoire<\/p>\n","protected":false},"featured_media":3085,"comment_status":"open","ping_status":"closed","template":"","meta":[],"product_brand":[],"product_cat":[61,83,60],"product_tag":[43],"class_list":{"0":"post-2710","1":"product","2":"type-product","3":"status-publish","4":"has-post-thumbnail","6":"product_cat-chemises_f","7":"product_cat-femmes","8":"product_cat-pantalons_f","9":"product_tag-main-07","11":"first","12":"instock","13":"shipping-taxable","14":"purchasable","15":"product-type-simple"},"_links":{"self":[{"href":"https:\/\/moren.caidalstore.com\/index.php\/wp-json\/wp\/v2\/product\/2710","targetHints":{"allow":["GET"]}}],"collection":[{"href":"https:\/\/moren.caidalstore.com\/index.php\/wp-json\/wp\/v2\/product"}],"about":[{"href":"https:\/\/moren.caidalstore.com\/index.php\/wp-json\/wp\/v2\/types\/product"}],"replies":[{"embeddable":true,"href":"https:\/\/moren.caidalstore.com\/index.php\/wp-json\/wp\/v2\/comments?post=2710"}],"wp:featuredmedia":[{"embeddable":true,"href":"https:\/\/moren.caidalstore.com\/index.php\/wp-json\/wp\/v2\/media\/3085"}],"wp:attachment":[{"href":"https:\/\/moren.caidalstore.com\/index.php\/wp-json\/wp\/v2\/media?parent=2710"}],"wp:term":[{"taxonomy":"product_brand","embeddable":true,"href":"https:\/\/moren.caidalstore.com\/index.php\/wp-json\/wp\/v2\/product_brand?post=2710"},{"taxonomy":"product_cat","embeddable":true,"href":"https:\/\/moren.caidalstore.com\/index.php\/wp-json\/wp\/v2\/product_cat?post=2710"},{"taxonomy":"product_tag","embeddable":true,"href":"https:\/\/moren.caidalstore.com\/index.php\/wp-json\/wp\/v2\/product_tag?post=2710"}],"curies":[{"name":"wp","href":"https:\/\/api.w.org\/{rel}","templated":true}]}}