{"id":3212,"date":"2025-01-31T10:09:45","date_gmt":"2025-01-31T10:09:45","guid":{"rendered":"https:\/\/moren.caidalstore.com\/?post_type=product&#038;p=3212"},"modified":"2025-02-19T12:57:44","modified_gmt":"2025-02-19T12:57:44","slug":"produit-2","status":"publish","type":"product","link":"https:\/\/moren.caidalstore.com\/index.php\/produit\/produit-2\/","title":{"rendered":"Veste Patchfusion"},"content":{"rendered":"<p>Une veste qui \u00e9voque un style sophistiqu\u00e9 et original. Avec son travail de patchworks, elle cr\u00e9e un v\u00e9ritable \u00e9clat visuel<br \/>\nId\u00e9ale pour celle qui recherche un look \u00e0 la fois audacieux et raffin\u00e9<\/p>\n","protected":false},"excerpt":{"rendered":"<p>Ext\u00e9rieur<br \/>\nDivers textures sur base toile Serge<\/p>\n<p>Int\u00e9rieur<br \/>\nDoublure polyester<\/p>\n<p>Entretien<br \/>\nUn lavage \u00e0 sec est obligatoire<\/p>\n<p>Prenez votre taille habituelle pour un effet pr\u00e8s du corps et une taille en plus pour un effet oversize<\/p>\n","protected":false},"featured_media":3214,"comment_status":"open","ping_status":"closed","template":"","meta":[],"product_brand":[],"product_cat":[83],"product_tag":[],"class_list":{"0":"post-3212","1":"product","2":"type-product","3":"status-publish","4":"has-post-thumbnail","6":"product_cat-femmes","8":"first","9":"outofstock","10":"shipping-taxable","11":"purchasable","12":"product-type-simple"},"_links":{"self":[{"href":"https:\/\/moren.caidalstore.com\/index.php\/wp-json\/wp\/v2\/product\/3212","targetHints":{"allow":["GET"]}}],"collection":[{"href":"https:\/\/moren.caidalstore.com\/index.php\/wp-json\/wp\/v2\/product"}],"about":[{"href":"https:\/\/moren.caidalstore.com\/index.php\/wp-json\/wp\/v2\/types\/product"}],"replies":[{"embeddable":true,"href":"https:\/\/moren.caidalstore.com\/index.php\/wp-json\/wp\/v2\/comments?post=3212"}],"wp:featuredmedia":[{"embeddable":true,"href":"https:\/\/moren.caidalstore.com\/index.php\/wp-json\/wp\/v2\/media\/3214"}],"wp:attachment":[{"href":"https:\/\/moren.caidalstore.com\/index.php\/wp-json\/wp\/v2\/media?parent=3212"}],"wp:term":[{"taxonomy":"product_brand","embeddable":true,"href":"https:\/\/moren.caidalstore.com\/index.php\/wp-json\/wp\/v2\/product_brand?post=3212"},{"taxonomy":"product_cat","embeddable":true,"href":"https:\/\/moren.caidalstore.com\/index.php\/wp-json\/wp\/v2\/product_cat?post=3212"},{"taxonomy":"product_tag","embeddable":true,"href":"https:\/\/moren.caidalstore.com\/index.php\/wp-json\/wp\/v2\/product_tag?post=3212"}],"curies":[{"name":"wp","href":"https:\/\/api.w.org\/{rel}","templated":true}]}}