{"id":3219,"date":"2025-01-31T10:24:22","date_gmt":"2025-01-31T10:24:22","guid":{"rendered":"https:\/\/moren.caidalstore.com\/?post_type=product&#038;p=3219"},"modified":"2025-02-09T19:36:28","modified_gmt":"2025-02-09T19:36:28","slug":"produit-3","status":"publish","type":"product","link":"https:\/\/moren.caidalstore.com\/index.php\/produit\/produit-3\/","title":{"rendered":"Blouson Ebeneor"},"content":{"rendered":"<p>la manche en dentelle et le patchwork du brocard et des galons en fil d\u2019or ajoutent une touche de f\u00e9minit\u00e9 et de sensualit\u00e9 \u00e0 la robustesse du denim noir.<br \/>\nLes franges m\u00e9talliques sur les devant de la veste cr\u00e9ent un look edgy et original<\/p>\n","protected":false},"excerpt":{"rendered":"<p>Composition et entretien<br \/>\n96% coton 4% elastane<\/p>\n<p>Un lavage \u00e0 sec est obligatoire<\/p>\n","protected":false},"featured_media":3221,"comment_status":"open","ping_status":"closed","template":"","meta":[],"product_brand":[],"product_cat":[83],"product_tag":[],"class_list":{"0":"post-3219","1":"product","2":"type-product","3":"status-publish","4":"has-post-thumbnail","6":"product_cat-femmes","8":"first","9":"instock","10":"shipping-taxable","11":"purchasable","12":"product-type-simple"},"_links":{"self":[{"href":"https:\/\/moren.caidalstore.com\/index.php\/wp-json\/wp\/v2\/product\/3219","targetHints":{"allow":["GET"]}}],"collection":[{"href":"https:\/\/moren.caidalstore.com\/index.php\/wp-json\/wp\/v2\/product"}],"about":[{"href":"https:\/\/moren.caidalstore.com\/index.php\/wp-json\/wp\/v2\/types\/product"}],"replies":[{"embeddable":true,"href":"https:\/\/moren.caidalstore.com\/index.php\/wp-json\/wp\/v2\/comments?post=3219"}],"wp:featuredmedia":[{"embeddable":true,"href":"https:\/\/moren.caidalstore.com\/index.php\/wp-json\/wp\/v2\/media\/3221"}],"wp:attachment":[{"href":"https:\/\/moren.caidalstore.com\/index.php\/wp-json\/wp\/v2\/media?parent=3219"}],"wp:term":[{"taxonomy":"product_brand","embeddable":true,"href":"https:\/\/moren.caidalstore.com\/index.php\/wp-json\/wp\/v2\/product_brand?post=3219"},{"taxonomy":"product_cat","embeddable":true,"href":"https:\/\/moren.caidalstore.com\/index.php\/wp-json\/wp\/v2\/product_cat?post=3219"},{"taxonomy":"product_tag","embeddable":true,"href":"https:\/\/moren.caidalstore.com\/index.php\/wp-json\/wp\/v2\/product_tag?post=3219"}],"curies":[{"name":"wp","href":"https:\/\/api.w.org\/{rel}","templated":true}]}}