{"id":3517,"date":"2025-02-15T13:02:25","date_gmt":"2025-02-15T13:02:25","guid":{"rendered":"https:\/\/moren.caidalstore.com\/?post_type=product&#038;p=3517"},"modified":"2025-02-19T12:38:34","modified_gmt":"2025-02-19T12:38:34","slug":"produit-1-2","status":"publish","type":"product","link":"https:\/\/moren.caidalstore.com\/index.php\/produit\/produit-1-2\/","title":{"rendered":"JELLABA PATCHFUSION"},"content":{"rendered":"<div id=\"tab-description\" class=\"clearfix woocommerce-Tabs-panel woocommerce-Tabs-panel--description panel entry-content wc-tab active\" role=\"tabpanel\" aria-labelledby=\"tab-title-description\">\n<div class=\"tab-content\">\n<p>JELLABA CAIDAL EST UNE PI\u00c8CE EMBL\u00c9MATIQUE DE LA CULTURE MAROCAINE, QUI A \u00c9VOLU\u00c9 AU FIL DES TEMOS POUR INCORPORER DES COUPES MODERNES TOUT EN CONSERVANT SES \u00c9L\u00c9MENTS TRADITIONNELS.<br \/>\nLES PATCHWORKS ET LES BRODERIES AJOUTENT UNE TOUCHE D\u2019\u00c9L\u00c9GANCE ET DE SOPHISTICATION \u00c0 CETTE TENUE<br \/>\nSA POLYVALENCE POUVANT \u00caTRE OUVERTE OU FERM\u00c9E EN FAIT UNE OPTION ADAPT\u00c9E \u00c0 DIFF\u00c9RENTES OCCASIONS QUELLES SOIENT FORMELLES OU D\u00c9CONTRACT\u00c9ES<\/p>\n<\/div>\n<\/div>\n<div id=\"tab-additional_information\" class=\" clearfix woocommerce-Tabs-panel woocommerce-Tabs-panel--additional_information panel entry-content wc-tab\" role=\"tabpanel\" aria-labelledby=\"tab-title-additional_information\">\n<div class=\"wc-tab-title\"><\/div>\n<\/div>\n","protected":false},"excerpt":{"rendered":"<div class=\"woocommerce-product-details__short-description\">\n<ul>\n<li class=\"selectable-text copyable-text x15bjb6t x1n2onr6\" dir=\"ltr\"><span class=\"selectable-text copyable-text false\">Composition et entretien<\/span><\/li>\n<li class=\"selectable-text copyable-text x15bjb6t x1n2onr6\" dir=\"ltr\"><span class=\"selectable-text copyable-text false\">Diff\u00e9rentes textures sur base JEANS<\/span><\/li>\n<li class=\"selectable-text copyable-text x15bjb6t x1n2onr6\" dir=\"ltr\"><span class=\"selectable-text copyable-text false\">Lavage \u00e0 sec obligatoire<\/span><\/li>\n<\/ul>\n<\/div>\n<form class=\"cart\" action=\"https:\/\/moren.caidalstore.com\/index.php\/produit\/produit-8\/\" enctype=\"multipart\/form-data\" method=\"post\">\n<div class=\"wrap-cart-cta\">\n<div class=\"quantity\"><\/div>\n<\/div>\n<\/form>\n","protected":false},"featured_media":3523,"comment_status":"open","ping_status":"closed","template":"","meta":[],"product_brand":[],"product_cat":[83,67],"product_tag":[],"class_list":{"0":"post-3517","1":"product","2":"type-product","3":"status-publish","4":"has-post-thumbnail","6":"product_cat-femmes","7":"product_cat-jellabas_f","9":"first","10":"instock","11":"shipping-taxable","12":"purchasable","13":"product-type-simple"},"_links":{"self":[{"href":"https:\/\/moren.caidalstore.com\/index.php\/wp-json\/wp\/v2\/product\/3517","targetHints":{"allow":["GET"]}}],"collection":[{"href":"https:\/\/moren.caidalstore.com\/index.php\/wp-json\/wp\/v2\/product"}],"about":[{"href":"https:\/\/moren.caidalstore.com\/index.php\/wp-json\/wp\/v2\/types\/product"}],"replies":[{"embeddable":true,"href":"https:\/\/moren.caidalstore.com\/index.php\/wp-json\/wp\/v2\/comments?post=3517"}],"wp:featuredmedia":[{"embeddable":true,"href":"https:\/\/moren.caidalstore.com\/index.php\/wp-json\/wp\/v2\/media\/3523"}],"wp:attachment":[{"href":"https:\/\/moren.caidalstore.com\/index.php\/wp-json\/wp\/v2\/media?parent=3517"}],"wp:term":[{"taxonomy":"product_brand","embeddable":true,"href":"https:\/\/moren.caidalstore.com\/index.php\/wp-json\/wp\/v2\/product_brand?post=3517"},{"taxonomy":"product_cat","embeddable":true,"href":"https:\/\/moren.caidalstore.com\/index.php\/wp-json\/wp\/v2\/product_cat?post=3517"},{"taxonomy":"product_tag","embeddable":true,"href":"https:\/\/moren.caidalstore.com\/index.php\/wp-json\/wp\/v2\/product_tag?post=3517"}],"curies":[{"name":"wp","href":"https:\/\/api.w.org\/{rel}","templated":true}]}}