{"id":3540,"date":"2025-02-15T13:17:42","date_gmt":"2025-02-15T13:17:42","guid":{"rendered":"https:\/\/moren.caidalstore.com\/?post_type=product&#038;p=3540"},"modified":"2025-02-18T10:52:26","modified_gmt":"2025-02-18T10:52:26","slug":"produit-4-2","status":"publish","type":"product","link":"https:\/\/moren.caidalstore.com\/index.php\/produit\/produit-4-2\/","title":{"rendered":"VESTE PATCHFUSION"},"content":{"rendered":"<p>Une veste qui \u00e9voque un style sophistiqu\u00e9 et original. Avec son travail de patchworks, elle cr\u00e9e un v\u00e9ritable \u00e9clat visuel<br \/>\nId\u00e9ale pour celle qui recherche un look \u00e0 la fois audacieux et raffin\u00e9<\/p>\n","protected":false},"excerpt":{"rendered":"<ul>\n<li>Composition et entretien<\/li>\n<li>Ext\u00e9rieur<br \/>\nDivers textures sur base toile Serge<\/li>\n<li>Int\u00e9rieur<br \/>\nDoublure polyester<\/li>\n<li>Entretien<br \/>\nUn lavage \u00e0 sec est obligatoire<\/li>\n<li>Prenez votre taille habituelle pour un effet pr\u00e8s du corps et une taille en plus pour un effet oversize<\/li>\n<\/ul>\n","protected":false},"featured_media":3545,"comment_status":"open","ping_status":"closed","template":"","meta":[],"product_brand":[],"product_cat":[28],"product_tag":[],"class_list":{"0":"post-3540","1":"product","2":"type-product","3":"status-publish","4":"has-post-thumbnail","6":"product_cat-men","8":"first","9":"instock","10":"shipping-taxable","11":"purchasable","12":"product-type-simple"},"_links":{"self":[{"href":"https:\/\/moren.caidalstore.com\/index.php\/wp-json\/wp\/v2\/product\/3540","targetHints":{"allow":["GET"]}}],"collection":[{"href":"https:\/\/moren.caidalstore.com\/index.php\/wp-json\/wp\/v2\/product"}],"about":[{"href":"https:\/\/moren.caidalstore.com\/index.php\/wp-json\/wp\/v2\/types\/product"}],"replies":[{"embeddable":true,"href":"https:\/\/moren.caidalstore.com\/index.php\/wp-json\/wp\/v2\/comments?post=3540"}],"wp:featuredmedia":[{"embeddable":true,"href":"https:\/\/moren.caidalstore.com\/index.php\/wp-json\/wp\/v2\/media\/3545"}],"wp:attachment":[{"href":"https:\/\/moren.caidalstore.com\/index.php\/wp-json\/wp\/v2\/media?parent=3540"}],"wp:term":[{"taxonomy":"product_brand","embeddable":true,"href":"https:\/\/moren.caidalstore.com\/index.php\/wp-json\/wp\/v2\/product_brand?post=3540"},{"taxonomy":"product_cat","embeddable":true,"href":"https:\/\/moren.caidalstore.com\/index.php\/wp-json\/wp\/v2\/product_cat?post=3540"},{"taxonomy":"product_tag","embeddable":true,"href":"https:\/\/moren.caidalstore.com\/index.php\/wp-json\/wp\/v2\/product_tag?post=3540"}],"curies":[{"name":"wp","href":"https:\/\/api.w.org\/{rel}","templated":true}]}}